{"id":165,"date":"2020-03-24T08:49:05","date_gmt":"2020-03-24T07:49:05","guid":{"rendered":"https:\/\/www.nussgruber.at\/martin\/?page_id=165"},"modified":"2022-08-21T11:16:51","modified_gmt":"2022-08-21T09:16:51","slug":"dinkelbrot","status":"publish","type":"page","link":"https:\/\/www.nussgruber.at\/martin\/dinkelbrot\/","title":{"rendered":"Dinkelvollkorn &#8211; Sonnenblumenbrot"},"content":{"rendered":"<div data-colibri-id=\"165-c1\" class=\"style-178 style-local-165-c1 position-relative\">\n  <!---->\n  <div data-colibri-component=\"section\" data-colibri-id=\"165-c2\" id=\"custom\" class=\"h-section h-section-global-spacing d-flex align-items-lg-center align-items-md-center align-items-center style-180 style-local-165-c2 position-relative\">\n    <!---->\n    <!---->\n    <div class=\"h-section-grid-container h-section-boxed-container\">\n      <!---->\n      <div data-colibri-id=\"165-c3\" class=\"h-row-container gutters-row-lg-2 gutters-row-md-2 gutters-row-0 gutters-row-v-lg-2 gutters-row-v-md-2 gutters-row-v-2 style-183 style-local-165-c3 position-relative\">\n        <!---->\n        <div class=\"h-row justify-content-lg-center justify-content-md-center justify-content-center align-items-lg-stretch align-items-md-stretch align-items-stretch gutters-col-lg-2 gutters-col-md-2 gutters-col-0 gutters-col-v-lg-2 gutters-col-v-md-2 gutters-col-v-2\">\n          <!---->\n          <div class=\"h-column h-column-container d-flex h-col-lg-auto h-col-md-auto h-col-auto style-184-outer style-local-165-c4-outer\">\n            <div data-colibri-id=\"165-c4\" class=\"d-flex h-flex-basis h-column__inner h-px-lg-2 h-px-md-2 h-px-2 v-inner-lg-2 v-inner-md-2 v-inner-2 style-184 style-local-165-c4 position-relative\">\n              <!---->\n              <!---->\n              <div class=\"w-100 h-y-container h-column__content h-column__v-align flex-basis-100 align-self-lg-start align-self-md-start align-self-start\">\n                <!---->\n                <div data-colibri-id=\"165-c5\" class=\"h-text h-text-component style-185 style-local-165-c5 position-relative h-element\">\n                  <!---->\n                  <!---->\n                  <div class=\"\">\n                    <p>(Menge f\u00fcr 1 kg Brot &#8211; 1 Kastenform)<\/p>\n                    <p>\n                      <br>\n                    <\/p>\n                    <p>500 g Dinkelvollkornmehl\n                      <br>Fenchel und K\u00fcmmel nach Geschmack\n                      <br>ca. 200 g Sonnenblumenkerne (1 Sackerl Salatkernmischung vom Hofer)\n                      <br>eine Handvoll Sonnenblumenkerne zum Dr\u00fcberstreuen\n                      <br>0,5 l Wasser (warm)\n                      <br>13 g Salz\n                      <br>21 g Germ\n                      <br>Ghee<\/p>\n                    <p>\n                      <br>Kastenform mit dem Silikonpinsel mit Ghee auspinseln.<\/p>\n                    <p>Alle Zutaten, au\u00dfer Wasser und Germ, trocken in einer gro\u00dfen Sch\u00fcssel durchr\u00fchren.\n                      <br>Germ im Wasser aufl\u00f6sen.\n                      <br>Wasser in die Sch\u00fcssel dazuleeren und kr\u00e4ftig durchr\u00fchren.<\/p>\n                    <p>Den Teig in die Kastenform geben und gleichm\u00e4\u00dfig verteilen. Sonnenblumenkerne (oder K\u00fcrbiskerne, Pinienkerne oder was auch immer nach Geschmack) draufstreuen. Ca. 30 Minuten ruhen lassen.<\/p>\n                    <p>Backrohr auf ca. 200 \u00b0C vorheizen.\n                      <br>Das Brot mit Wasser anspr\u00fchen und dann ca. 45 bis 55 Minuten backen (das Brot ist fertig, wenn es eine Kerntemperatur von 95 \u00b0C erreicht hat).<\/p>\n                    <p>Auf ein Gitter aus der Form st\u00fcrzen und noch einmal mit Wasser anspr\u00fchen und ausk\u00fchlen lassen.<\/p>\n                  <\/div>\n                <\/div>\n              <\/div>\n            <\/div>\n          <\/div>\n        <\/div>\n      <\/div>\n      <div data-colibri-id=\"165-c6\" class=\"h-row-container gutters-row-lg-2 gutters-row-md-2 gutters-row-0 gutters-row-v-lg-2 gutters-row-v-md-2 gutters-row-v-2 style-181 style-local-165-c6 position-relative\">\n        <!---->\n        <div class=\"h-row justify-content-lg-center justify-content-md-center justify-content-center align-items-lg-stretch align-items-md-stretch align-items-stretch gutters-col-lg-2 gutters-col-md-2 gutters-col-0 gutters-col-v-lg-2 gutters-col-v-md-2 gutters-col-v-2\">\n          <!---->\n          <div class=\"h-column h-column-container d-flex h-col-lg-auto h-col-md-auto h-col-auto style-182-outer style-local-165-c7-outer\">\n            <div data-colibri-id=\"165-c7\" class=\"d-flex h-flex-basis h-column__inner h-px-lg-2 h-px-md-2 h-px-2 v-inner-lg-2 v-inner-md-2 v-inner-2 style-182 style-local-165-c7 position-relative\">\n              <!---->\n              <!---->\n              <div class=\"w-100 h-y-container h-column__content h-column__v-align flex-basis-100 align-self-lg-start align-self-md-start align-self-start\">\n                <!---->\n                <div data-colibri-id=\"165-c8\" class=\"d-block style-207 style-local-165-c8 position-relative h-element\">\n                  <!---->\n                  <div class=\"h-image__frame-container-outer\">\n                    <a href=\"https:\/\/www.nussgruber.at\/martin\/wp-content\/uploads\/20171027_184016-scaled.jpg\" data-default-type=\"image\" data-fancybox=\"section-group-bTcxE8rzUwcT8arE6DPBDz\" h-use-smooth-scroll=\"true\" class=\"image-link\">\n                      <div class=\"h-image__frame-container\">\n                        <!---->\n                        <!---->\n                        <img loading=\"lazy\" width=\"1460\" height=\"1379\" src=\"https:\/\/www.nussgruber.at\/martin\/wp-content\/uploads\/cropped-20180201_194106-scaled-1.jpg\" class=\"wp-image-221 style-207-image style-local-165-c8-image\" srcset=\"https:\/\/www.nussgruber.at\/martin\/wp-content\/uploads\/cropped-20180201_194106-scaled-1.jpg 1460w, https:\/\/www.nussgruber.at\/martin\/wp-content\/uploads\/cropped-20180201_194106-scaled-1-300x283.jpg 300w, https:\/\/www.nussgruber.at\/martin\/wp-content\/uploads\/cropped-20180201_194106-scaled-1-1024x967.jpg 1024w, https:\/\/www.nussgruber.at\/martin\/wp-content\/uploads\/cropped-20180201_194106-scaled-1-768x725.jpg 768w\" sizes=\"(max-width: 1460px) 100vw, 1460px\" alt=\"\" \/>\n                        <div class=\"h-image__frame h-hide-lg h-hide-md h-hide-sm style-207-frameImage style-local-165-c8-frameImage\"><\/div>\n                      <\/div>\n                    <\/a>\n                  <\/div>\n                <\/div>\n                <div data-colibri-id=\"165-c9\" class=\"h-x-container style-250 style-local-165-c9 position-relative h-element\">\n                  <!---->\n                  <div class=\"h-x-container-inner style-dynamic-165-c9-group style-250-spacing style-local-165-c9-spacing\"><span class=\"h-button__outer style-242-outer style-local-165-c10-outer d-inline-flex h-element\"><a h-use-smooth-scroll=\"true\" href=\"https:\/\/www.nussgruber.at\/martin\/wp-content\/uploads\/Rezept-Dinkelvollkornbrot-Sonnenblumenbrot.pdf\" target=\"_blank\" data-colibri-id=\"165-c10\" class=\"d-flex w-100 align-items-center h-button justify-content-lg-center justify-content-md-center justify-content-center style-242 style-local-165-c10 position-relative\" rel=\"noopener\"><!----><!----> <span>Download<\/span><\/a>\n                    <\/span>\n                  <\/div>\n                <\/div>\n              <\/div>\n            <\/div>\n          <\/div>\n        <\/div>\n      <\/div>\n    <\/div>\n  <\/div>\n<\/div>","protected":false},"excerpt":{"rendered":"<p>(Menge f\u00fcr 1 kg Brot &#8211; 1 Kastenform) 500 g Dinkelvollkornmehl Fenchel und K\u00fcmmel nach Geschmack ca. 200 g Sonnenblumenkerne (1 Sackerl Salatkernmischung vom Hofer) eine Handvoll Sonnenblumenkerne zum Dr\u00fcberstreuen 0,5 l Wasser (warm) 13 g Salz 21 g Germ Ghee Kastenform mit dem Silikonpinsel mit Ghee auspinseln. Alle Zutaten, au\u00dfer Wasser und Germ, trocken [&hellip;]<\/p>\n","protected":false},"author":1,"featured_media":0,"parent":0,"menu_order":0,"comment_status":"closed","ping_status":"closed","template":"page-templates\/full-width-page.php","meta":[],"_links":{"self":[{"href":"https:\/\/www.nussgruber.at\/martin\/wp-json\/wp\/v2\/pages\/165"}],"collection":[{"href":"https:\/\/www.nussgruber.at\/martin\/wp-json\/wp\/v2\/pages"}],"about":[{"href":"https:\/\/www.nussgruber.at\/martin\/wp-json\/wp\/v2\/types\/page"}],"author":[{"embeddable":true,"href":"https:\/\/www.nussgruber.at\/martin\/wp-json\/wp\/v2\/users\/1"}],"replies":[{"embeddable":true,"href":"https:\/\/www.nussgruber.at\/martin\/wp-json\/wp\/v2\/comments?post=165"}],"version-history":[{"count":14,"href":"https:\/\/www.nussgruber.at\/martin\/wp-json\/wp\/v2\/pages\/165\/revisions"}],"predecessor-version":[{"id":1438,"href":"https:\/\/www.nussgruber.at\/martin\/wp-json\/wp\/v2\/pages\/165\/revisions\/1438"}],"wp:attachment":[{"href":"https:\/\/www.nussgruber.at\/martin\/wp-json\/wp\/v2\/media?parent=165"}],"curies":[{"name":"wp","href":"https:\/\/api.w.org\/{rel}","templated":true}]}}